{"id":2319,"date":"2024-07-29T18:09:34","date_gmt":"2024-07-29T16:09:34","guid":{"rendered":"https:\/\/auto-ecole-paris16.fr\/?page_id=2319"},"modified":"2025-02-28T15:34:36","modified_gmt":"2025-02-28T14:34:36","slug":"disponiblites-eleves","status":"publish","type":"page","link":"https:\/\/auto-ecole-paris16.fr\/index.php\/disponiblites-eleves\/","title":{"rendered":"Disponibilit\u00e9s \u00e9l\u00e8ves"},"content":{"rendered":"","protected":true},"excerpt":{"rendered":"","protected":true},"author":1,"featured_media":0,"parent":0,"menu_order":0,"comment_status":"closed","ping_status":"closed","template":"","meta":{"footnotes":""},"class_list":["post-2319","page","type-page","status-publish","post-password-required","hentry"],"jetpack_sharing_enabled":true,"_links":{"self":[{"href":"https:\/\/auto-ecole-paris16.fr\/index.php\/wp-json\/wp\/v2\/pages\/2319","targetHints":{"allow":["GET"]}}],"collection":[{"href":"https:\/\/auto-ecole-paris16.fr\/index.php\/wp-json\/wp\/v2\/pages"}],"about":[{"href":"https:\/\/auto-ecole-paris16.fr\/index.php\/wp-json\/wp\/v2\/types\/page"}],"author":[{"embeddable":true,"href":"https:\/\/auto-ecole-paris16.fr\/index.php\/wp-json\/wp\/v2\/users\/1"}],"replies":[{"embeddable":true,"href":"https:\/\/auto-ecole-paris16.fr\/index.php\/wp-json\/wp\/v2\/comments?post=2319"}],"version-history":[{"count":0,"href":"https:\/\/auto-ecole-paris16.fr\/index.php\/wp-json\/wp\/v2\/pages\/2319\/revisions"}],"wp:attachment":[{"href":"https:\/\/auto-ecole-paris16.fr\/index.php\/wp-json\/wp\/v2\/media?parent=2319"}],"curies":[{"name":"wp","href":"https:\/\/api.w.org\/{rel}","templated":true}]}}