{"id":142,"date":"2024-04-28T20:31:07","date_gmt":"2024-04-28T18:31:07","guid":{"rendered":"https:\/\/auto-ecole-paris16.fr\/?page_id=142"},"modified":"2025-01-10T12:47:37","modified_gmt":"2025-01-10T11:47:37","slug":"nos-vehicules","status":"publish","type":"page","link":"https:\/\/auto-ecole-paris16.fr\/index.php\/nos-vehicules\/","title":{"rendered":"Nos v\u00e9hicules"},"content":{"rendered":"\t\t<div data-elementor-type=\"wp-page\" data-elementor-id=\"142\" class=\"elementor elementor-142\" data-elementor-post-type=\"page\">\n\t\t\t\t<div class=\"elementor-element elementor-element-3f528a5 e-flex e-con-boxed e-con e-parent\" data-id=\"3f528a5\" data-element_type=\"container\" data-e-type=\"container\" data-settings=\"{&quot;background_background&quot;:&quot;gradient&quot;,&quot;shape_divider_bottom&quot;:&quot;waves&quot;}\">\n\t\t\t\t\t<div class=\"e-con-inner\">\n\t\t\t\t<div class=\"elementor-shape elementor-shape-bottom\" aria-hidden=\"true\" data-negative=\"false\">\n\t\t\t<svg xmlns=\"http:\/\/www.w3.org\/2000\/svg\" viewBox=\"0 0 1000 100\" preserveAspectRatio=\"none\">\n\t<path class=\"elementor-shape-fill\" d=\"M421.9,6.5c22.6-2.5,51.5,0.4,75.5,5.3c23.6,4.9,70.9,23.5,100.5,35.7c75.8,32.2,133.7,44.5,192.6,49.7\n\tc23.6,2.1,48.7,3.5,103.4-2.5c54.7-6,106.2-25.6,106.2-25.6V0H0v30.3c0,0,72,32.6,158.4,30.5c39.2-0.7,92.8-6.7,134-22.4\n\tc21.2-8.1,52.2-18.2,79.7-24.2C399.3,7.9,411.6,7.5,421.9,6.5z\"\/>\n<\/svg>\t\t<\/div>\n\t\t\t\t<div class=\"elementor-element elementor-element-25888280 animated-slow elementor-invisible elementor-widget elementor-widget-image\" data-id=\"25888280\" data-element_type=\"widget\" data-e-type=\"widget\" data-settings=\"{&quot;_animation&quot;:&quot;slideInLeft&quot;}\" data-widget_type=\"image.default\">\n\t\t\t\t<div class=\"elementor-widget-container\">\n\t\t\t\t\t\t\t\t\t\t\t\t\t\t\t<img fetchpriority=\"high\" decoding=\"async\" width=\"800\" height=\"356\" src=\"https:\/\/auto-ecole-paris16.fr\/wp-content\/uploads\/2024\/04\/Mini-Countryman1-1024x456.png\" class=\"attachment-large size-large wp-image-283\" alt=\"\" srcset=\"https:\/\/auto-ecole-paris16.fr\/wp-content\/uploads\/2024\/04\/Mini-Countryman1-1024x456.png 1024w, https:\/\/auto-ecole-paris16.fr\/wp-content\/uploads\/2024\/04\/Mini-Countryman1-300x134.png 300w, https:\/\/auto-ecole-paris16.fr\/wp-content\/uploads\/2024\/04\/Mini-Countryman1-768x342.png 768w, https:\/\/auto-ecole-paris16.fr\/wp-content\/uploads\/2024\/04\/Mini-Countryman1-1536x684.png 1536w, https:\/\/auto-ecole-paris16.fr\/wp-content\/uploads\/2024\/04\/Mini-Countryman1.png 2034w\" sizes=\"(max-width: 800px) 100vw, 800px\" \/>\t\t\t\t\t\t\t\t\t\t\t\t\t\t\t<\/div>\n\t\t\t\t<\/div>\n\t\t\t\t\t<\/div>\n\t\t\t\t<\/div>\n\t\t<div class=\"elementor-element elementor-element-5b6edc3e e-flex e-con-boxed e-con e-parent\" data-id=\"5b6edc3e\" data-element_type=\"container\" data-e-type=\"container\" data-settings=\"{&quot;background_background&quot;:&quot;classic&quot;}\">\n\t\t\t\t\t<div class=\"e-con-inner\">\n\t\t\t\t<div class=\"elementor-element elementor-element-2e8f8323 elementor-widget elementor-widget-heading\" data-id=\"2e8f8323\" data-element_type=\"widget\" data-e-type=\"widget\" data-widget_type=\"heading.default\">\n\t\t\t\t<div class=\"elementor-widget-container\">\n\t\t\t\t\t<h2 class=\"elementor-heading-title elementor-size-default\">Country Man<\/h2>\t\t\t\t<\/div>\n\t\t\t\t<\/div>\n\t\t\t\t<div class=\"elementor-element elementor-element-314713c8 elementor-widget elementor-widget-text-editor\" data-id=\"314713c8\" data-element_type=\"widget\" data-e-type=\"widget\" data-widget_type=\"text-editor.default\">\n\t\t\t\t<div class=\"elementor-widget-container\">\n\t\t\t\t\t\t\t\t\t<p>Avec sa pr\u00e9sence imposante, ce SUV compact d\u00e9gage une impression de force et de durabilit\u00e9, pr\u00eat \u00e0 affronter tous les terrains.<\/p>\t\t\t\t\t\t\t\t<\/div>\n\t\t\t\t<\/div>\n\t\t\t\t\t<\/div>\n\t\t\t\t<\/div>\n\t\t<div class=\"elementor-element elementor-element-6a25b870 e-flex e-con-boxed e-con e-parent\" data-id=\"6a25b870\" data-element_type=\"container\" data-e-type=\"container\" data-settings=\"{&quot;background_background&quot;:&quot;gradient&quot;,&quot;shape_divider_bottom&quot;:&quot;waves&quot;}\">\n\t\t\t\t\t<div class=\"e-con-inner\">\n\t\t\t\t<div class=\"elementor-shape elementor-shape-bottom\" aria-hidden=\"true\" data-negative=\"false\">\n\t\t\t<svg xmlns=\"http:\/\/www.w3.org\/2000\/svg\" viewBox=\"0 0 1000 100\" preserveAspectRatio=\"none\">\n\t<path class=\"elementor-shape-fill\" d=\"M421.9,6.5c22.6-2.5,51.5,0.4,75.5,5.3c23.6,4.9,70.9,23.5,100.5,35.7c75.8,32.2,133.7,44.5,192.6,49.7\n\tc23.6,2.1,48.7,3.5,103.4-2.5c54.7-6,106.2-25.6,106.2-25.6V0H0v30.3c0,0,72,32.6,158.4,30.5c39.2-0.7,92.8-6.7,134-22.4\n\tc21.2-8.1,52.2-18.2,79.7-24.2C399.3,7.9,411.6,7.5,421.9,6.5z\"\/>\n<\/svg>\t\t<\/div>\n\t\t\t\t<div class=\"elementor-element elementor-element-566c9956 animated-slow elementor-invisible elementor-widget elementor-widget-image\" data-id=\"566c9956\" data-element_type=\"widget\" data-e-type=\"widget\" data-settings=\"{&quot;_animation&quot;:&quot;slideInRight&quot;}\" data-widget_type=\"image.default\">\n\t\t\t\t<div class=\"elementor-widget-container\">\n\t\t\t\t\t\t\t\t\t\t\t\t\t\t\t<img decoding=\"async\" width=\"800\" height=\"534\" src=\"https:\/\/auto-ecole-paris16.fr\/wp-content\/uploads\/2024\/04\/Cooper-Mini-site1-1024x683.png\" class=\"attachment-large size-large wp-image-284\" alt=\"\" srcset=\"https:\/\/auto-ecole-paris16.fr\/wp-content\/uploads\/2024\/04\/Cooper-Mini-site1-1024x683.png 1024w, https:\/\/auto-ecole-paris16.fr\/wp-content\/uploads\/2024\/04\/Cooper-Mini-site1-300x200.png 300w, https:\/\/auto-ecole-paris16.fr\/wp-content\/uploads\/2024\/04\/Cooper-Mini-site1-768x512.png 768w, https:\/\/auto-ecole-paris16.fr\/wp-content\/uploads\/2024\/04\/Cooper-Mini-site1.png 1200w\" sizes=\"(max-width: 800px) 100vw, 800px\" \/>\t\t\t\t\t\t\t\t\t\t\t\t\t\t\t<\/div>\n\t\t\t\t<\/div>\n\t\t\t\t\t<\/div>\n\t\t\t\t<\/div>\n\t\t<div class=\"elementor-element elementor-element-1951b780 e-flex e-con-boxed e-con e-parent\" data-id=\"1951b780\" data-element_type=\"container\" data-e-type=\"container\" data-settings=\"{&quot;background_background&quot;:&quot;classic&quot;}\">\n\t\t\t\t\t<div class=\"e-con-inner\">\n\t\t\t\t<div class=\"elementor-element elementor-element-46b2691e elementor-widget elementor-widget-heading\" data-id=\"46b2691e\" data-element_type=\"widget\" data-e-type=\"widget\" data-widget_type=\"heading.default\">\n\t\t\t\t<div class=\"elementor-widget-container\">\n\t\t\t\t\t<h2 class=\"elementor-heading-title elementor-size-default\">Mini Cooper<\/h2>\t\t\t\t<\/div>\n\t\t\t\t<\/div>\n\t\t\t\t<div class=\"elementor-element elementor-element-6f6c9a86 elementor-widget elementor-widget-text-editor\" data-id=\"6f6c9a86\" data-element_type=\"widget\" data-e-type=\"widget\" data-widget_type=\"text-editor.default\">\n\t\t\t\t<div class=\"elementor-widget-container\">\n\t\t\t\t\t\t\t\t\t<p>Gabarit compact , porte-\u00e0-faux r\u00e9duit au maximum, la Mini Cooper est la voiture urbaine id\u00e9ale.<\/p>\t\t\t\t\t\t\t\t<\/div>\n\t\t\t\t<\/div>\n\t\t\t\t\t<\/div>\n\t\t\t\t<\/div>\n\t\t<div class=\"elementor-element elementor-element-2ea2392a e-flex e-con-boxed e-con e-parent\" data-id=\"2ea2392a\" data-element_type=\"container\" data-e-type=\"container\" data-settings=\"{&quot;background_background&quot;:&quot;gradient&quot;,&quot;shape_divider_bottom&quot;:&quot;waves&quot;}\">\n\t\t\t\t\t<div class=\"e-con-inner\">\n\t\t\t\t<div class=\"elementor-shape elementor-shape-bottom\" aria-hidden=\"true\" data-negative=\"false\">\n\t\t\t<svg xmlns=\"http:\/\/www.w3.org\/2000\/svg\" viewBox=\"0 0 1000 100\" preserveAspectRatio=\"none\">\n\t<path class=\"elementor-shape-fill\" d=\"M421.9,6.5c22.6-2.5,51.5,0.4,75.5,5.3c23.6,4.9,70.9,23.5,100.5,35.7c75.8,32.2,133.7,44.5,192.6,49.7\n\tc23.6,2.1,48.7,3.5,103.4-2.5c54.7-6,106.2-25.6,106.2-25.6V0H0v30.3c0,0,72,32.6,158.4,30.5c39.2-0.7,92.8-6.7,134-22.4\n\tc21.2-8.1,52.2-18.2,79.7-24.2C399.3,7.9,411.6,7.5,421.9,6.5z\"\/>\n<\/svg>\t\t<\/div>\n\t\t\t\t<div class=\"elementor-element elementor-element-1fab16d9 animated-slow elementor-invisible elementor-widget elementor-widget-image\" data-id=\"1fab16d9\" data-element_type=\"widget\" data-e-type=\"widget\" data-settings=\"{&quot;_animation&quot;:&quot;slideInLeft&quot;}\" data-widget_type=\"image.default\">\n\t\t\t\t<div class=\"elementor-widget-container\">\n\t\t\t\t\t\t\t\t\t\t\t\t\t\t\t<img decoding=\"async\" width=\"800\" height=\"540\" src=\"https:\/\/auto-ecole-paris16.fr\/wp-content\/uploads\/2024\/04\/208-site1.png\" class=\"attachment-large size-large wp-image-285\" alt=\"\" srcset=\"https:\/\/auto-ecole-paris16.fr\/wp-content\/uploads\/2024\/04\/208-site1.png 874w, https:\/\/auto-ecole-paris16.fr\/wp-content\/uploads\/2024\/04\/208-site1-300x203.png 300w, https:\/\/auto-ecole-paris16.fr\/wp-content\/uploads\/2024\/04\/208-site1-768x518.png 768w\" sizes=\"(max-width: 800px) 100vw, 800px\" \/>\t\t\t\t\t\t\t\t\t\t\t\t\t\t\t<\/div>\n\t\t\t\t<\/div>\n\t\t\t\t\t<\/div>\n\t\t\t\t<\/div>\n\t\t<div class=\"elementor-element elementor-element-3c257664 e-flex e-con-boxed e-con e-parent\" data-id=\"3c257664\" data-element_type=\"container\" data-e-type=\"container\" data-settings=\"{&quot;background_background&quot;:&quot;classic&quot;}\">\n\t\t\t\t\t<div class=\"e-con-inner\">\n\t\t\t\t<div class=\"elementor-element elementor-element-d82d61c elementor-widget elementor-widget-heading\" data-id=\"d82d61c\" data-element_type=\"widget\" data-e-type=\"widget\" data-widget_type=\"heading.default\">\n\t\t\t\t<div class=\"elementor-widget-container\">\n\t\t\t\t\t<h2 class=\"elementor-heading-title elementor-size-default\">Peugeot 208<\/h2>\t\t\t\t<\/div>\n\t\t\t\t<\/div>\n\t\t\t\t<div class=\"elementor-element elementor-element-81db944 elementor-widget elementor-widget-text-editor\" data-id=\"81db944\" data-element_type=\"widget\" data-e-type=\"widget\" data-widget_type=\"text-editor.default\">\n\t\t\t\t<div class=\"elementor-widget-container\">\n\t\t\t\t\t\t\t\t\t<p>\u00a0La nouvelle PEUGEOT 208 a un look irr\u00e9sistible gr\u00e2ce \u00e0 sa silhouette sculpt\u00e9e et sportive.<\/p>\t\t\t\t\t\t\t\t<\/div>\n\t\t\t\t<\/div>\n\t\t\t\t\t<\/div>\n\t\t\t\t<\/div>\n\t\t\t\t<\/div>\n\t\t","protected":false},"excerpt":{"rendered":"<p>Country Man Avec sa pr\u00e9sence imposante, ce SUV compact d\u00e9gage une impression de force et de durabilit\u00e9, pr\u00eat \u00e0 affronter tous les terrains. Mini Cooper Gabarit compact , porte-\u00e0-faux r\u00e9duit au maximum, la Mini Cooper est la voiture urbaine id\u00e9ale. Peugeot 208 \u00a0La nouvelle PEUGEOT 208 a un look irr\u00e9sistible gr\u00e2ce \u00e0 sa silhouette sculpt\u00e9e [&hellip;]<\/p>\n","protected":false},"author":1,"featured_media":0,"parent":0,"menu_order":0,"comment_status":"closed","ping_status":"closed","template":"","meta":{"footnotes":""},"class_list":["post-142","page","type-page","status-publish","hentry"],"jetpack_sharing_enabled":true,"_links":{"self":[{"href":"https:\/\/auto-ecole-paris16.fr\/index.php\/wp-json\/wp\/v2\/pages\/142","targetHints":{"allow":["GET"]}}],"collection":[{"href":"https:\/\/auto-ecole-paris16.fr\/index.php\/wp-json\/wp\/v2\/pages"}],"about":[{"href":"https:\/\/auto-ecole-paris16.fr\/index.php\/wp-json\/wp\/v2\/types\/page"}],"author":[{"embeddable":true,"href":"https:\/\/auto-ecole-paris16.fr\/index.php\/wp-json\/wp\/v2\/users\/1"}],"replies":[{"embeddable":true,"href":"https:\/\/auto-ecole-paris16.fr\/index.php\/wp-json\/wp\/v2\/comments?post=142"}],"version-history":[{"count":0,"href":"https:\/\/auto-ecole-paris16.fr\/index.php\/wp-json\/wp\/v2\/pages\/142\/revisions"}],"wp:attachment":[{"href":"https:\/\/auto-ecole-paris16.fr\/index.php\/wp-json\/wp\/v2\/media?parent=142"}],"curies":[{"name":"wp","href":"https:\/\/api.w.org\/{rel}","templated":true}]}}